{"id":94,"date":"2018-04-04T17:54:22","date_gmt":"2018-04-04T15:54:22","guid":{"rendered":"http:\/\/www.batiber.fr\/?page_id=94"},"modified":"2018-04-13T15:10:30","modified_gmt":"2018-04-13T13:10:30","slug":"renovation-interieur-exterieur","status":"publish","type":"page","link":"http:\/\/www.batiber.fr\/index.php\/renovation-interieur-exterieur\/","title":{"rendered":"R\u00e9novation int\u00e9rieur\/ext\u00e9rieur"},"content":{"rendered":"<h2>R\u00e9novation ext\u00e9rieur<\/h2>\n<p><div id=\"metaslider-id-201\" style=\"max-width: 600px;\" class=\"ml-slider-3-107-0 metaslider metaslider-nivo metaslider-201 ml-slider has-dots-nav ms-theme-default\" role=\"region\" aria-label=\"Entr\u00e9e ext\u00e9rieur\" data-height=\"783\" data-width=\"600\">\n    <div id=\"metaslider_container_201\">\n        <div class='slider-wrapper theme-default'><div class='ribbon'><\/div><div id='metaslider_201' class='nivoSlider'><img loading=\"lazy\" decoding=\"async\" src=\"http:\/\/www.batiber.fr\/wp-content\/uploads\/2018\/04\/macon4-1-e1523577026672-600x783.jpg\" height=\"783\" width=\"600\" data-caption=\"Pose des fondations\" title=\"macon4-1\" alt=\"\" class=\"slider-201 slide-209 msDefaultImage\" \/><img loading=\"lazy\" decoding=\"async\" src=\"http:\/\/www.batiber.fr\/wp-content\/uploads\/2018\/04\/macon4-2-e1523577036157-600x783.jpg\" height=\"783\" width=\"600\" data-caption=\"Pr&eacute;paration du coffrage\" title=\"macon4-2\" alt=\"\" class=\"slider-201 slide-210 msDefaultImage\" \/><img loading=\"lazy\" decoding=\"async\" src=\"http:\/\/www.batiber.fr\/wp-content\/uploads\/2018\/04\/macon4-3-e1523577045427-600x783.jpg\" height=\"783\" width=\"600\" data-caption=\"Dalle coul&eacute;, pr&ecirc;t &agrave; poser le carrelage\" title=\"macon4-3\" alt=\"\" class=\"slider-201 slide-211 msDefaultImage\" \/><img loading=\"lazy\" decoding=\"async\" src=\"http:\/\/www.batiber.fr\/wp-content\/uploads\/2018\/04\/macon4-4-e1523577054727-600x783.jpg\" height=\"783\" width=\"600\" data-caption=\"Fin du chantier, portique et grillage pos&eacute;\" title=\"macon4-4\" alt=\"\" class=\"slider-201 slide-212 msDefaultImage\" \/><\/div><\/div>\n        \n    <\/div>\n<\/div> R\u00e9fection de balcon, changement de carrelage ext\u00e9rieur, r\u00e9alisation de terrasse sont des exemples de travaux que nous pouvons faire, mais \u00e7a ne s&rsquo;arr\u00eate pas l\u00e0. Vous aurez plus de renseignements en nous contactant.<\/p>\n<div id=\"metaslider-id-255\" style=\"max-width: 600px;\" class=\"ml-slider-3-107-0 metaslider metaslider-nivo metaslider-255 ml-slider has-dots-nav ms-theme-default\" role=\"region\" aria-label=\"Terrasse\" data-height=\"783\" data-width=\"600\">\n    <div id=\"metaslider_container_255\">\n        <div class='slider-wrapper theme-default'><div class='ribbon'><\/div><div id='metaslider_255' class='nivoSlider'><img loading=\"lazy\" decoding=\"async\" src=\"http:\/\/www.batiber.fr\/wp-content\/uploads\/2018\/04\/terrasse1-e1523576650927-600x783.jpg\" height=\"783\" width=\"600\" data-caption=\"Pr&eacute;paration du radier et ferraillage de la dalle\" title=\"terrasse1\" alt=\"\" class=\"slider-255 slide-268 msDefaultImage\" \/><img loading=\"lazy\" decoding=\"async\" src=\"http:\/\/www.batiber.fr\/wp-content\/uploads\/2018\/04\/terrasse2-e1523576684191-600x783.jpg\" height=\"783\" width=\"600\" data-caption=\"Pose du b&eacute;ton\" title=\"terrasse2\" alt=\"\" class=\"slider-255 slide-269 msDefaultImage\" \/><img loading=\"lazy\" decoding=\"async\" src=\"http:\/\/www.batiber.fr\/wp-content\/uploads\/2018\/04\/terrasse3-e1523576708778-600x783.jpg\" height=\"783\" width=\"600\" title=\"terrasse3\" alt=\"\" class=\"slider-255 slide-270 msDefaultImage\" \/><img loading=\"lazy\" decoding=\"async\" src=\"http:\/\/www.batiber.fr\/wp-content\/uploads\/2018\/04\/terrasse4-e1523577012762-600x783.jpg\" height=\"783\" width=\"600\" data-caption=\"Fin de chantier, attente du s&eacute;chage pour d&eacute;coffrage\" title=\"terrasse4\" alt=\"\" class=\"slider-255 slide-271 msDefaultImage\" \/><\/div><\/div>\n        \n    <\/div>\n<\/div>\n<h2>R\u00e9novation int\u00e9rieur<\/h2>\n<p><div id=\"metaslider-id-254\" style=\"max-width: 600px;\" class=\"ml-slider-3-107-0 metaslider metaslider-nivo metaslider-254 ml-slider has-dots-nav ms-theme-default\" role=\"region\" aria-label=\"Sol \/ R\u00e9novation int\u00e9rieur\" data-height=\"783\" data-width=\"600\">\n    <div id=\"metaslider_container_254\">\n        <div class='slider-wrapper theme-default'><div class='ribbon'><\/div><div id='metaslider_254' class='nivoSlider'><img loading=\"lazy\" decoding=\"async\" src=\"http:\/\/www.batiber.fr\/wp-content\/uploads\/2018\/04\/sol1-e1523576854337-600x783.jpg\" height=\"783\" width=\"600\" data-caption=\"Pose de sol\" title=\"sol1\" alt=\"\" class=\"slider-254 slide-256 msDefaultImage\" \/><img loading=\"lazy\" decoding=\"async\" src=\"http:\/\/www.batiber.fr\/wp-content\/uploads\/2018\/04\/sol2-e1523576844560-600x783.jpg\" height=\"783\" width=\"600\" title=\"sol2\" alt=\"\" class=\"slider-254 slide-257 msDefaultImage\" \/><img loading=\"lazy\" decoding=\"async\" src=\"http:\/\/www.batiber.fr\/wp-content\/uploads\/2018\/04\/sol3-e1523576835686-600x783.jpg\" height=\"783\" width=\"600\" title=\"sol3\" alt=\"\" class=\"slider-254 slide-258 msDefaultImage\" \/><img loading=\"lazy\" decoding=\"async\" src=\"http:\/\/www.batiber.fr\/wp-content\/uploads\/2018\/04\/sol4-e1523576825883-600x783.jpg\" height=\"783\" width=\"600\" title=\"sol4\" alt=\"\" class=\"slider-254 slide-259 msDefaultImage\" \/><img loading=\"lazy\" decoding=\"async\" src=\"http:\/\/www.batiber.fr\/wp-content\/uploads\/2018\/04\/sol5-e1523576812332-600x783.jpg\" height=\"783\" width=\"600\" title=\"sol5\" alt=\"\" class=\"slider-254 slide-260 msDefaultImage\" \/><img loading=\"lazy\" decoding=\"async\" src=\"http:\/\/www.batiber.fr\/wp-content\/uploads\/2018\/04\/sol6-e1523576794762-600x783.jpg\" height=\"783\" width=\"600\" title=\"sol6\" alt=\"\" class=\"slider-254 slide-261 msDefaultImage\" \/><img loading=\"lazy\" decoding=\"async\" src=\"http:\/\/www.batiber.fr\/wp-content\/uploads\/2018\/04\/sol7-e1523576784683-600x783.jpg\" height=\"783\" width=\"600\" data-caption=\"Pose de meuble de salle de bain\" title=\"sol7\" alt=\"\" class=\"slider-254 slide-262 msDefaultImage\" \/><img loading=\"lazy\" decoding=\"async\" src=\"http:\/\/www.batiber.fr\/wp-content\/uploads\/2018\/04\/sol8-e1523576771629-600x783.jpg\" height=\"783\" width=\"600\" title=\"sol8\" alt=\"\" class=\"slider-254 slide-263 msDefaultImage\" \/><img loading=\"lazy\" decoding=\"async\" src=\"http:\/\/www.batiber.fr\/wp-content\/uploads\/2018\/04\/sol9-e1523576761301-600x783.jpg\" height=\"783\" width=\"600\" title=\"sol9\" alt=\"\" class=\"slider-254 slide-264 msDefaultImage\" \/><img loading=\"lazy\" decoding=\"async\" src=\"http:\/\/www.batiber.fr\/wp-content\/uploads\/2018\/04\/sol10-e1523576751992-600x783.jpg\" height=\"783\" width=\"600\" title=\"sol10\" alt=\"\" class=\"slider-254 slide-265 msDefaultImage\" \/><img loading=\"lazy\" decoding=\"async\" src=\"http:\/\/www.batiber.fr\/wp-content\/uploads\/2018\/04\/sol11-e1523576740338-600x783.jpg\" height=\"783\" width=\"600\" title=\"sol11\" alt=\"\" class=\"slider-254 slide-266 msDefaultImage\" \/><img loading=\"lazy\" decoding=\"async\" src=\"http:\/\/www.batiber.fr\/wp-content\/uploads\/2018\/04\/sol12-e1523576729919-600x783.jpg\" height=\"783\" width=\"600\" title=\"sol12\" alt=\"\" class=\"slider-254 slide-267 msDefaultImage\" \/><\/div><\/div>\n        \n    <\/div>\n<\/div> Remplacement de douche, r\u00e9alisation en pl\u00e2tre, pose de placopl\u00e2tre. Nous \u00e9tudions toutes possibilit\u00e9s et les d\u00e9fis sont toujours la bienvenu.<\/p>\n","protected":false},"excerpt":{"rendered":"<p>R\u00e9novation ext\u00e9rieur R\u00e9fection de balcon, changement de carrelage ext\u00e9rieur, r\u00e9alisation de terrasse sont des exemples de travaux que nous pouvons faire, mais \u00e7a ne s&rsquo;arr\u00eate pas l\u00e0. Vous aurez plus de renseignements en nous contactant. R\u00e9novation int\u00e9rieur Remplacement de douche, r\u00e9alisation en pl\u00e2tre, pose de placopl\u00e2tre. Nous \u00e9tudions toutes possibilit\u00e9s et les d\u00e9fis sont toujours &hellip; <a href=\"http:\/\/www.batiber.fr\/index.php\/renovation-interieur-exterieur\/\" class=\"more-link\">Continuer la lecture<span class=\"screen-reader-text\"> de &laquo;&nbsp;R\u00e9novation int\u00e9rieur\/ext\u00e9rieur&nbsp;&raquo;<\/span><\/a><\/p>\n","protected":false},"author":1,"featured_media":0,"parent":0,"menu_order":0,"comment_status":"closed","ping_status":"closed","template":"","meta":{"footnotes":""},"class_list":["post-94","page","type-page","status-publish","hentry"],"aioseo_notices":[],"_links":{"self":[{"href":"http:\/\/www.batiber.fr\/index.php\/wp-json\/wp\/v2\/pages\/94","targetHints":{"allow":["GET"]}}],"collection":[{"href":"http:\/\/www.batiber.fr\/index.php\/wp-json\/wp\/v2\/pages"}],"about":[{"href":"http:\/\/www.batiber.fr\/index.php\/wp-json\/wp\/v2\/types\/page"}],"author":[{"embeddable":true,"href":"http:\/\/www.batiber.fr\/index.php\/wp-json\/wp\/v2\/users\/1"}],"replies":[{"embeddable":true,"href":"http:\/\/www.batiber.fr\/index.php\/wp-json\/wp\/v2\/comments?post=94"}],"version-history":[{"count":3,"href":"http:\/\/www.batiber.fr\/index.php\/wp-json\/wp\/v2\/pages\/94\/revisions"}],"predecessor-version":[{"id":277,"href":"http:\/\/www.batiber.fr\/index.php\/wp-json\/wp\/v2\/pages\/94\/revisions\/277"}],"wp:attachment":[{"href":"http:\/\/www.batiber.fr\/index.php\/wp-json\/wp\/v2\/media?parent=94"}],"curies":[{"name":"wp","href":"https:\/\/api.w.org\/{rel}","templated":true}]}}