{"id":5,"date":"2018-03-23T18:25:30","date_gmt":"2018-03-23T17:25:30","guid":{"rendered":"http:\/\/www.batiber.fr\/?page_id=5"},"modified":"2019-03-15T16:04:53","modified_gmt":"2019-03-15T15:04:53","slug":"a-propos-de","status":"publish","type":"page","link":"http:\/\/www.batiber.fr\/index.php\/a-propos-de\/","title":{"rendered":"\u00c0 propos de"},"content":{"rendered":"<h2>Mentions l\u00e9gales<\/h2>\n<p>Entreprise artisanale inscrite sous le num\u00e9ro de SIRET 802 451 088 00016 et code APE : 4399C<br \/>\nLe si\u00e8ge social de la soci\u00e9t\u00e9 est situ\u00e9 au 23 rue des <span class=\"LrzXr\">Milouins<\/span> &#8211; 57260 DIEUZE<br \/>\nLe g\u00e9rant est M BOUAZZAOUI MOULAY ABDELLAH<br \/>\nLe num\u00e9ro de contact est le 06.88.00.37.54<\/p>\n<h2>Cr\u00e9dits photos<\/h2>\n<p>Toutes les photos et les textes de toutes les pages sont prot\u00e9g\u00e9s, leur reproduction m\u00eame partielle est rigoureusement interdite.<\/p>\n<h2>Conception &#8211; r\u00e9alisation et h\u00e9bergement<\/h2>\n<p>La conception et la r\u00e9alisation a \u00e9t\u00e9 r\u00e9alis\u00e9 par la soci\u00e9t\u00e9 SARL TKC (h\u00e9bergement durant la r\u00e9alisation du site comprise)<br \/>\nTechniK&rsquo;Computer<br \/>\nAdresse : 23 avenue Foch &#8211; 57260 DIEUZE &#8211; FRANCE<br \/>\nTel : 03 87 01 48 86 &#8211; Fax : 03 87 01 46 53<br \/>\nMail : info@t-kc.fr<br \/>\nSite : <a href=\"http:\/\/www.t-kc.fr\">www.t-kc.fr<\/a><\/p>\n<p>L&rsquo;h\u00e9bergement du site est r\u00e9alis\u00e9 par la soci\u00e9t\u00e9 OVH<br \/>\nSARL OVH<br \/>\nAdresse : 2 rue Kellermann &#8211; 59100 ROUBAIX &#8211; FRANCE<br \/>\nTel : 1007<br \/>\nMail : support@ovh.com<br \/>\nSite : <a href=\"http:\/\/www.ovh.com\">www.ovh.com<\/a><\/p>\n","protected":false},"excerpt":{"rendered":"<p>Mentions l\u00e9gales Entreprise artisanale inscrite sous le num\u00e9ro de SIRET 802 451 088 00016 et code APE : 4399C Le si\u00e8ge social de la soci\u00e9t\u00e9 est situ\u00e9 au 23 rue des Milouins &#8211; 57260 DIEUZE Le g\u00e9rant est M BOUAZZAOUI MOULAY ABDELLAH Le num\u00e9ro de contact est le 06.88.00.37.54 Cr\u00e9dits photos Toutes les photos et &hellip; <a href=\"http:\/\/www.batiber.fr\/index.php\/a-propos-de\/\" class=\"more-link\">Continuer la lecture<span class=\"screen-reader-text\"> de &laquo;&nbsp;\u00c0 propos de&nbsp;&raquo;<\/span><\/a><\/p>\n","protected":false},"author":1,"featured_media":0,"parent":0,"menu_order":0,"comment_status":"closed","ping_status":"closed","template":"","meta":{"footnotes":""},"class_list":["post-5","page","type-page","status-publish","hentry"],"aioseo_notices":[],"_links":{"self":[{"href":"http:\/\/www.batiber.fr\/index.php\/wp-json\/wp\/v2\/pages\/5","targetHints":{"allow":["GET"]}}],"collection":[{"href":"http:\/\/www.batiber.fr\/index.php\/wp-json\/wp\/v2\/pages"}],"about":[{"href":"http:\/\/www.batiber.fr\/index.php\/wp-json\/wp\/v2\/types\/page"}],"author":[{"embeddable":true,"href":"http:\/\/www.batiber.fr\/index.php\/wp-json\/wp\/v2\/users\/1"}],"replies":[{"embeddable":true,"href":"http:\/\/www.batiber.fr\/index.php\/wp-json\/wp\/v2\/comments?post=5"}],"version-history":[{"count":8,"href":"http:\/\/www.batiber.fr\/index.php\/wp-json\/wp\/v2\/pages\/5\/revisions"}],"predecessor-version":[{"id":320,"href":"http:\/\/www.batiber.fr\/index.php\/wp-json\/wp\/v2\/pages\/5\/revisions\/320"}],"wp:attachment":[{"href":"http:\/\/www.batiber.fr\/index.php\/wp-json\/wp\/v2\/media?parent=5"}],"curies":[{"name":"wp","href":"https:\/\/api.w.org\/{rel}","templated":true}]}}