{"id":4,"date":"2018-03-23T18:25:30","date_gmt":"2018-03-23T17:25:30","guid":{"rendered":"http:\/\/www.batiber.fr\/?page_id=4"},"modified":"2018-04-13T15:00:02","modified_gmt":"2018-04-13T13:00:02","slug":"accueil","status":"publish","type":"page","link":"http:\/\/www.batiber.fr\/","title":{"rendered":"Accueil"},"content":{"rendered":"<p style=\"text-align: center;\"><div id=\"metaslider-id-83\" style=\"max-width: 800px;\" class=\"ml-slider-3-107-0 metaslider metaslider-nivo metaslider-83 ml-slider has-dots-nav ms-theme-default\" role=\"region\" aria-label=\"Accueil\" data-height=\"500\" data-width=\"800\">\n    <div id=\"metaslider_container_83\">\n        <div class='slider-wrapper theme-default'><div class='ribbon'><\/div><div id='metaslider_83' class='nivoSlider'><img loading=\"lazy\" decoding=\"async\" src=\"http:\/\/www.batiber.fr\/wp-content\/uploads\/2018\/03\/macon1-5-800x500.jpg\" height=\"500\" width=\"800\" title=\"macon1-5\" alt=\"\" class=\"slider-83 slide-84 msDefaultImage\" \/><img loading=\"lazy\" decoding=\"async\" src=\"http:\/\/www.batiber.fr\/wp-content\/uploads\/2018\/04\/macon3-6-800x500.jpg\" height=\"500\" width=\"800\" title=\"macon3-6\" alt=\"\" class=\"slider-83 slide-85 msDefaultImage\" \/><\/div><\/div>\n        \n    <\/div>\n<\/div><\/p>\n<p>Bienvenue sur le site internet de la soci\u00e9t\u00e9 Batiber sp\u00e9cialis\u00e9 dans la ma\u00e7onnerie, le placopl\u00e2tre, le carrelage (int\u00e9rieur comme ext\u00e9rieur), la peinture et les rev\u00eatements de sol. Nous intervenons dans le secteur du Saulnois , du sud mosellan , dans le centre mosellan et des zones de Nancy et de Metz. La carte ci-dessous donne une limite non exhaustive de notre zone d&rsquo;intervention. Pour plus de renseignements, veuillez <a href=\"http:\/\/www.batiber.fr\/index.php\/contact\/\">nous contacter<\/a>.<\/p>\n<p><img loading=\"lazy\" decoding=\"async\" class=\"wp-image-70 aligncenter\" src=\"http:\/\/www.batiber.fr\/wp-content\/uploads\/2018\/04\/zone-de-d\u00e9placement-300x226.png\" alt=\"\" width=\"519\" height=\"391\" srcset=\"http:\/\/www.batiber.fr\/wp-content\/uploads\/2018\/04\/zone-de-d\u00e9placement-300x226.png 300w, http:\/\/www.batiber.fr\/wp-content\/uploads\/2018\/04\/zone-de-d\u00e9placement.png 692w\" sizes=\"auto, (max-width: 519px) 85vw, 519px\" \/><\/p>\n<p>Nous \u00e9tudions toutes propositions de travaux et notre devis est gratuit. Profitez de notre expertise et de nos expert en la mati\u00e8re.<\/p>\n","protected":false},"excerpt":{"rendered":"<p>Bienvenue sur le site internet de la soci\u00e9t\u00e9 Batiber sp\u00e9cialis\u00e9 dans la ma\u00e7onnerie, le placopl\u00e2tre, le carrelage (int\u00e9rieur comme ext\u00e9rieur), la peinture et les rev\u00eatements de sol. Nous intervenons dans le secteur du Saulnois , du sud mosellan , dans le centre mosellan et des zones de Nancy et de Metz. La carte ci-dessous donne &hellip; <a href=\"http:\/\/www.batiber.fr\/\" class=\"more-link\">Continuer la lecture<span class=\"screen-reader-text\"> de &laquo;&nbsp;Accueil&nbsp;&raquo;<\/span><\/a><\/p>\n","protected":false},"author":1,"featured_media":0,"parent":0,"menu_order":0,"comment_status":"closed","ping_status":"closed","template":"","meta":{"footnotes":""},"class_list":["post-4","page","type-page","status-publish","hentry"],"aioseo_notices":[],"_links":{"self":[{"href":"http:\/\/www.batiber.fr\/index.php\/wp-json\/wp\/v2\/pages\/4","targetHints":{"allow":["GET"]}}],"collection":[{"href":"http:\/\/www.batiber.fr\/index.php\/wp-json\/wp\/v2\/pages"}],"about":[{"href":"http:\/\/www.batiber.fr\/index.php\/wp-json\/wp\/v2\/types\/page"}],"author":[{"embeddable":true,"href":"http:\/\/www.batiber.fr\/index.php\/wp-json\/wp\/v2\/users\/1"}],"replies":[{"embeddable":true,"href":"http:\/\/www.batiber.fr\/index.php\/wp-json\/wp\/v2\/comments?post=4"}],"version-history":[{"count":12,"href":"http:\/\/www.batiber.fr\/index.php\/wp-json\/wp\/v2\/pages\/4\/revisions"}],"predecessor-version":[{"id":280,"href":"http:\/\/www.batiber.fr\/index.php\/wp-json\/wp\/v2\/pages\/4\/revisions\/280"}],"wp:attachment":[{"href":"http:\/\/www.batiber.fr\/index.php\/wp-json\/wp\/v2\/media?parent=4"}],"curies":[{"name":"wp","href":"https:\/\/api.w.org\/{rel}","templated":true}]}}