{"id":103,"date":"2018-04-04T17:54:09","date_gmt":"2018-04-04T15:54:09","guid":{"rendered":"http:\/\/www.batiber.fr\/?page_id=103"},"modified":"2018-04-13T15:08:20","modified_gmt":"2018-04-13T13:08:20","slug":"peinture","status":"publish","type":"page","link":"http:\/\/www.batiber.fr\/index.php\/peinture\/","title":{"rendered":"Peinture"},"content":{"rendered":"<h2>Peinture int\u00e9rieur<\/h2>\n<p><img loading=\"lazy\" decoding=\"async\" class=\"alignnone wp-image-126 size-large\" src=\"http:\/\/www.batiber.fr\/wp-content\/uploads\/2018\/04\/sol5-e1523576812332-576x1024.jpg\" alt=\"\" width=\"576\" height=\"1024\" srcset=\"http:\/\/www.batiber.fr\/wp-content\/uploads\/2018\/04\/sol5-e1523576812332-576x1024.jpg 576w, http:\/\/www.batiber.fr\/wp-content\/uploads\/2018\/04\/sol5-e1523576812332-169x300.jpg 169w, http:\/\/www.batiber.fr\/wp-content\/uploads\/2018\/04\/sol5-e1523576812332.jpg 720w\" sizes=\"auto, (max-width: 576px) 85vw, 576px\" \/><br \/>\nPlafonds, murs et sols. La peinture fait aussi partie de notre expertise.<\/p>\n<h2>Peinture ext\u00e9rieur<\/h2>\n<p><div id=\"metaslider-id-51\" style=\"max-width: 600px;\" class=\"ml-slider-3-107-0 metaslider metaslider-nivo metaslider-51 ml-slider has-dots-nav ms-theme-default\" role=\"region\" aria-label=\"Fa\u00e7ade\" data-height=\"783\" data-width=\"600\">\n    <div id=\"metaslider_container_51\">\n        <div class='slider-wrapper theme-default'><div class='ribbon'><\/div><div id='metaslider_51' class='nivoSlider'><img loading=\"lazy\" decoding=\"async\" src=\"http:\/\/www.batiber.fr\/wp-content\/uploads\/2018\/03\/macon2-1-600x783.jpg\" height=\"783\" width=\"600\" data-caption=\"Avant - Pr&eacute;paration du mur\" title=\"macon2-1\" alt=\"\" class=\"slider-51 slide-54 msDefaultImage\" \/><img loading=\"lazy\" decoding=\"async\" src=\"http:\/\/www.batiber.fr\/wp-content\/uploads\/2018\/03\/macon2-2-600x783.jpg\" height=\"783\" width=\"600\" data-caption=\"Apr&egrave;s - fa&ccedil;ade cr&eacute;pis et peinte\" title=\"macon2-2\" alt=\"\" class=\"slider-51 slide-53 msDefaultImage\" \/><\/div><\/div>\n        \n    <\/div>\n<\/div> Fa\u00e7ades, caisson de sous-toiture, murette. Pour la r\u00e9novation comme pour le neuf. Nous pouvons vous proposer un grand choix de peinture. Informations et couleur possible sur demande. Le devis est gratuit et ne vous engage en rien.<\/p>\n","protected":false},"excerpt":{"rendered":"<p>Peinture int\u00e9rieur Plafonds, murs et sols. La peinture fait aussi partie de notre expertise. Peinture ext\u00e9rieur Fa\u00e7ades, caisson de sous-toiture, murette. Pour la r\u00e9novation comme pour le neuf. Nous pouvons vous proposer un grand choix de peinture. Informations et couleur possible sur demande. Le devis est gratuit et ne vous engage en rien.<\/p>\n","protected":false},"author":1,"featured_media":0,"parent":0,"menu_order":0,"comment_status":"closed","ping_status":"closed","template":"","meta":{"footnotes":""},"class_list":["post-103","page","type-page","status-publish","hentry"],"aioseo_notices":[],"_links":{"self":[{"href":"http:\/\/www.batiber.fr\/index.php\/wp-json\/wp\/v2\/pages\/103","targetHints":{"allow":["GET"]}}],"collection":[{"href":"http:\/\/www.batiber.fr\/index.php\/wp-json\/wp\/v2\/pages"}],"about":[{"href":"http:\/\/www.batiber.fr\/index.php\/wp-json\/wp\/v2\/types\/page"}],"author":[{"embeddable":true,"href":"http:\/\/www.batiber.fr\/index.php\/wp-json\/wp\/v2\/users\/1"}],"replies":[{"embeddable":true,"href":"http:\/\/www.batiber.fr\/index.php\/wp-json\/wp\/v2\/comments?post=103"}],"version-history":[{"count":3,"href":"http:\/\/www.batiber.fr\/index.php\/wp-json\/wp\/v2\/pages\/103\/revisions"}],"predecessor-version":[{"id":286,"href":"http:\/\/www.batiber.fr\/index.php\/wp-json\/wp\/v2\/pages\/103\/revisions\/286"}],"wp:attachment":[{"href":"http:\/\/www.batiber.fr\/index.php\/wp-json\/wp\/v2\/media?parent=103"}],"curies":[{"name":"wp","href":"https:\/\/api.w.org\/{rel}","templated":true}]}}