{"id":101,"date":"2018-04-04T17:54:48","date_gmt":"2018-04-04T15:54:48","guid":{"rendered":"http:\/\/www.batiber.fr\/?page_id=101"},"modified":"2018-05-24T16:41:35","modified_gmt":"2018-05-24T14:41:35","slug":"carrelage","status":"publish","type":"page","link":"http:\/\/www.batiber.fr\/index.php\/carrelage\/","title":{"rendered":"Carrelage"},"content":{"rendered":"<h2>Carrelage<\/h2>\n<p><div id=\"metaslider-id-308\" style=\"max-width: 600px;\" class=\"ml-slider-3-107-0 metaslider metaslider-nivo metaslider-308 ml-slider has-dots-nav ms-theme-default\" role=\"region\" aria-label=\"Carrelage\" data-height=\"783\" data-width=\"600\">\n    <div id=\"metaslider_container_308\">\n        <div class='slider-wrapper theme-default'><div class='ribbon'><\/div><div id='metaslider_308' class='nivoSlider'><img loading=\"lazy\" decoding=\"async\" src=\"http:\/\/www.batiber.fr\/wp-content\/uploads\/2018\/05\/Image0003-576x751.jpg\" height=\"783\" width=\"600\" title=\"Image0003\" alt=\"\" class=\"slider-308 slide-309 msDefaultImage\" \/><img loading=\"lazy\" decoding=\"async\" src=\"http:\/\/www.batiber.fr\/wp-content\/uploads\/2018\/05\/Image0002-576x751.jpg\" height=\"783\" width=\"600\" title=\"Image0002\" alt=\"\" class=\"slider-308 slide-310 msDefaultImage\" \/><img loading=\"lazy\" decoding=\"async\" src=\"http:\/\/www.batiber.fr\/wp-content\/uploads\/2018\/05\/Image0001-576x751.jpg\" height=\"783\" width=\"600\" title=\"Image0001\" alt=\"\" class=\"slider-308 slide-311 msDefaultImage\" \/><img loading=\"lazy\" decoding=\"async\" src=\"http:\/\/www.batiber.fr\/wp-content\/uploads\/2018\/05\/Image0004-576x751.jpg\" height=\"783\" width=\"600\" title=\"Image0004\" alt=\"\" class=\"slider-308 slide-312 msDefaultImage\" \/><\/div><\/div>\n        \n    <\/div>\n<\/div>\u00a0Pose de carrelage en int\u00e9rieur comme en ext\u00e9rieur.<\/p>\n<h2>Salle de bain<\/h2>\n<p><div id=\"metaslider-id-243\" style=\"max-width: 600px;\" class=\"ml-slider-3-107-0 metaslider metaslider-nivo metaslider-243 ml-slider has-dots-nav ms-theme-default\" role=\"region\" aria-label=\"Salle de bain - mobilit\u00e9 r\u00e9duite\" data-height=\"783\" data-width=\"600\">\n    <div id=\"metaslider_container_243\">\n        <div class='slider-wrapper theme-default'><div class='ribbon'><\/div><div id='metaslider_243' class='nivoSlider'><img loading=\"lazy\" decoding=\"async\" src=\"http:\/\/www.batiber.fr\/wp-content\/uploads\/2018\/04\/sdb2-1-e1523577330269-600x783.jpg\" height=\"783\" width=\"600\" data-caption=\"D&eacute;pose ancienne baignoire\" title=\"sdb2-1\" alt=\"\" class=\"slider-243 slide-244 msDefaultImage\" \/><img loading=\"lazy\" decoding=\"async\" src=\"http:\/\/www.batiber.fr\/wp-content\/uploads\/2018\/04\/sdb2-2-e1523576902136-600x783.jpg\" height=\"783\" width=\"600\" title=\"sdb2-2\" alt=\"\" class=\"slider-243 slide-245 msDefaultImage\" \/><img loading=\"lazy\" decoding=\"async\" src=\"http:\/\/www.batiber.fr\/wp-content\/uploads\/2018\/04\/sdb2-3-e1523576893966-600x783.jpg\" height=\"783\" width=\"600\" data-caption=\"Pose de la douche &agrave; l&#039;italienne (manque si&egrave;ge)\" title=\"sdb2-3\" alt=\"\" class=\"slider-243 slide-246 msDefaultImage\" \/><img loading=\"lazy\" decoding=\"async\" src=\"http:\/\/www.batiber.fr\/wp-content\/uploads\/2018\/04\/sdb2-4-e1523576884823-600x783.jpg\" height=\"783\" width=\"600\" data-caption=\"Pose du si&egrave;ge et des derniers accessoires\" title=\"sdb2-4\" alt=\"\" class=\"slider-243 slide-247 msDefaultImage\" \/><img loading=\"lazy\" decoding=\"async\" src=\"http:\/\/www.batiber.fr\/wp-content\/uploads\/2018\/04\/sdb2-5-e1523576873138-600x783.jpg\" height=\"783\" width=\"600\" data-caption=\"Salle de bain fini\" title=\"sdb2-5\" alt=\"\" class=\"slider-243 slide-248 msDefaultImage\" \/><img loading=\"lazy\" decoding=\"async\" src=\"http:\/\/www.batiber.fr\/wp-content\/uploads\/2018\/04\/sdb2-6-e1523576863240-600x783.jpg\" height=\"783\" width=\"600\" title=\"sdb2-6\" alt=\"\" class=\"slider-243 slide-249 msDefaultImage\" \/><\/div><\/div>\n        \n    <\/div>\n<\/div> Installation et r\u00e9novation de salle de bain, de la robinetterie aux meubles en passant par les murs et les sols.<\/p>\n<h2>Douche italienne<\/h2>\n<p><div id=\"metaslider-id-242\" style=\"max-width: 600px;\" class=\"ml-slider-3-107-0 metaslider metaslider-nivo metaslider-242 ml-slider has-dots-nav ms-theme-default\" role=\"region\" aria-label=\"Salle de bain - douche\" data-height=\"783\" data-width=\"600\">\n    <div id=\"metaslider_container_242\">\n        <div class='slider-wrapper theme-default'><div class='ribbon'><\/div><div id='metaslider_242' class='nivoSlider'><img loading=\"lazy\" decoding=\"async\" src=\"http:\/\/www.batiber.fr\/wp-content\/uploads\/2018\/04\/sdb1-1-600x783.jpg\" height=\"783\" width=\"600\" data-caption=\"D&eacute;pose de l&#039;ancienne baignoire\" title=\"sdb1-1\" alt=\"\" class=\"slider-242 slide-250 msDefaultImage\" \/><img loading=\"lazy\" decoding=\"async\" src=\"http:\/\/www.batiber.fr\/wp-content\/uploads\/2018\/04\/sdb1-2-600x783.jpg\" height=\"783\" width=\"600\" data-caption=\"Pose du carrelage mural\" title=\"sdb1-2\" alt=\"\" class=\"slider-242 slide-251 msDefaultImage\" \/><img loading=\"lazy\" decoding=\"async\" src=\"http:\/\/www.batiber.fr\/wp-content\/uploads\/2018\/04\/sdb1-3-600x783.jpg\" height=\"783\" width=\"600\" data-caption=\"Pose des plomberies et vitre de protection\" title=\"sdb1-3\" alt=\"\" class=\"slider-242 slide-252 msDefaultImage\" \/><img loading=\"lazy\" decoding=\"async\" src=\"http:\/\/www.batiber.fr\/wp-content\/uploads\/2018\/04\/sdb1-4-600x783.jpg\" height=\"783\" width=\"600\" data-caption=\"Chantier fini\" title=\"sdb1-4\" alt=\"\" class=\"slider-242 slide-253 msDefaultImage\" \/><\/div><\/div>\n        \n    <\/div>\n<\/div> Savoir faire et respect des r\u00e8gle de l&rsquo;art rende votre douche italienne unique et sans compromis.<\/p>\n<p>&nbsp;<\/p>\n","protected":false},"excerpt":{"rendered":"<p>Carrelage \u00a0Pose de carrelage en int\u00e9rieur comme en ext\u00e9rieur. Salle de bain Installation et r\u00e9novation de salle de bain, de la robinetterie aux meubles en passant par les murs et les sols. Douche italienne Savoir faire et respect des r\u00e8gle de l&rsquo;art rende votre douche italienne unique et sans compromis. &nbsp;<\/p>\n","protected":false},"author":1,"featured_media":0,"parent":0,"menu_order":0,"comment_status":"closed","ping_status":"closed","template":"","meta":{"footnotes":""},"class_list":["post-101","page","type-page","status-publish","hentry"],"aioseo_notices":[],"_links":{"self":[{"href":"http:\/\/www.batiber.fr\/index.php\/wp-json\/wp\/v2\/pages\/101","targetHints":{"allow":["GET"]}}],"collection":[{"href":"http:\/\/www.batiber.fr\/index.php\/wp-json\/wp\/v2\/pages"}],"about":[{"href":"http:\/\/www.batiber.fr\/index.php\/wp-json\/wp\/v2\/types\/page"}],"author":[{"embeddable":true,"href":"http:\/\/www.batiber.fr\/index.php\/wp-json\/wp\/v2\/users\/1"}],"replies":[{"embeddable":true,"href":"http:\/\/www.batiber.fr\/index.php\/wp-json\/wp\/v2\/comments?post=101"}],"version-history":[{"count":6,"href":"http:\/\/www.batiber.fr\/index.php\/wp-json\/wp\/v2\/pages\/101\/revisions"}],"predecessor-version":[{"id":313,"href":"http:\/\/www.batiber.fr\/index.php\/wp-json\/wp\/v2\/pages\/101\/revisions\/313"}],"wp:attachment":[{"href":"http:\/\/www.batiber.fr\/index.php\/wp-json\/wp\/v2\/media?parent=101"}],"curies":[{"name":"wp","href":"https:\/\/api.w.org\/{rel}","templated":true}]}}